{"id":919,"date":"2020-11-12T12:29:58","date_gmt":"2020-11-12T12:29:58","guid":{"rendered":"http:\/\/m2square.net\/ghosh\/?page_id=919"},"modified":"2025-07-12T06:47:18","modified_gmt":"2025-07-12T06:47:18","slug":"collaborations","status":"publish","type":"page","link":"https:\/\/chem.iitm.ac.in\/Faculty\/ghosh\/?page_id=919","title":{"rendered":"Collaborations"},"content":{"rendered":"<div id=\"pl-gb919-69e2a0197b1b3\"  class=\"panel-layout\" ><div id=\"pg-gb919-69e2a0197b1b3-0\"  class=\"panel-grid panel-no-style\" ><div id=\"pgc-gb919-69e2a0197b1b3-0-0\"  class=\"panel-grid-cell\" ><div id=\"panel-gb919-69e2a0197b1b3-0-0-0\" class=\"so-panel widget widget_text panel-first-child panel-last-child\" data-index=\"0\" >\t\t\t<div class=\"textwidget\"><ul style=\"line-height: 30px;\">\n<li style=\"text-align: justify; line-height: 18px; margin-top: 18px;\">Prof. A. Dutta, Biomimetic Inorganic Chemistry Lab, IIT Bombay; India: Hydrogen Evolution Reaction (HER) &#038; Carbon Dioxide Reduction Reaction (CO2RR) Chemistry.[<a href=\"https:\/\/www.arnabdutta-bioinorganic-lab.com\">link<\/a>]<\/li>\n<li style=\"text-align: justify; line-height: 18px; margin-top: 18px;\">Prof. K. Vanka, Physical and Materials Chemistry Division, NCL Pune; India: Computational and Theoretical Chemistry.[<a href=\"http:\/\/academic.ncl.res.in\/k.vanka\">link<\/a>]<\/li>\n<li style=\"text-align: justify; line-height: 18px; margin-top: 18px;\">Prof. S. Nagendran, IIT Delhi; India: Synthetic Organometallic Lab.[<a href=\" https:\/\/www.snagendran.com\/team-3\/prof.-s.-nagendran\">link<\/a>]<\/li>\n<li style=\"text-align: justify; line-height: 18px; margin-top: 18px;\">Prof. E. D. Jemmis, IPC Department, IISc; Bangalore, India: Electronic Structure of Polyhedral Boranes and Metallaboranes.[<a href=\"http:\/\/ipc.iisc.ac.in\/~edj\/\/\">link<\/a>]<\/li>\n<li style=\"text-align: justify; line-height: 18px; margin-top: 18px;\">Prof. Dr. Holger Braunschweig, Institut f\u00fcr Anorganische Chemie, Julius-Maximilians-Universit\u00e4t W\u00fcrzburg, W\u00fcrzburg, Germany.[<a href=\"http:\/\/www.braunschweiggroup.de\/\">link<\/a>]<\/li>\n<li style=\"text-align: justify; line-height: 18px; margin-top: 18px;\">Prof. Jean-Francois Halet, Laboratoire de Chimie du Solide et Inorganique Mole&#8217; culaire, UMR 6511,UniVersite&#8217;de Rennes 1, Institut de Chime de Rennes; France: Electronic Structure of Polyhedral Boranes and Metallaboranes and C-H Activation using Metallaborane.[<a href=\"https:\/\/iscr.univ-rennes1.fr\/jean-francois-halet\/\">link<\/a>]<\/li>\n<li style=\"text-align: justify; line-height: 18px; margin-top: 18px;\">Prof. Lai-Sheng Wang, Department of Chemistry, Brown University; USA: Theoretical Investigations of Group 4 metallaboranes.[<a href=\"http:\/\/casey.brown.edu\/chemistry\/research\/LSWang\/\">link<\/a>]<\/li>\n<li style=\"text-align: justify; line-height: 18px; margin-top: 18px;\">Prof. Sylviane Sabo-Etienne, Laboratoire de chimie de coordination du CNRS; Toulouse, France: Boron-controlled CO<sub>2<\/sub> reduction.[<a href=\"https:\/\/www.lcc-toulouse.fr\/auteur24.html\">link<\/a>]<\/li>\n<li style=\"text-align: justify; line-height: 18px; margin-top: 18px;\">Prof. Amitava Das, Director, CSMCRI; India: Phenothiazinyl boranes based AIE luminogens.[<a href=\"https:\/\/sites.google.com\/site\/dasamitava13\/about\/\">link<\/a>]<\/li>\n<li style=\"text-align: justify; line-height: 18px; margin-top: 18px;\">Prof. S\u00e9bastien Bontemps, Laboratoire de chimie de coordination du CNRS; Toulouse, France: Boron-controlled CO<sub>2<\/sub> reduction.[<a href=\"https:\/\/sebastienbontemps.jimdofree.com\/\">link<\/a>]<\/li>\n<li style=\"text-align: justify; line-height: 18px; margin-top: 18px;\">Prof. Edamana Prasad, IIT Madras; India: Poly(Aryl Ether) based Borogels.[<a href=\"http:\/\/chem.iitm.ac.in\/Faculty\/prasad\/\">link<\/a>]<\/li>\n<li style=\"text-align: justify; line-height: 18px; margin-top: 18px;\">Prof. Sakya S. Sen, NCL; Pune, India: Synthesis and Chemistry of Germanium Complexes.[<a href=\"http:\/\/academic.ncl.res.in\/ss.sen\/\">link<\/a>]<\/li>\n<li style=\"text-align: justify; line-height: 18px; margin-top: 18px;\">Prof. Max C. Holthausen, Institut fur Anorganische and Analytische Chemie der johann wolfgang Goethe- Universitat; Frankfurt, Germany: Catalytic Cyclotrimerization of Alkynes using metallaborane as catalyst.[<a href=\"http:\/\/holthausen.anorg.chemie.uni-frankfurt.de\/Joomla\/\">link<\/a>]<\/li>\n<li style=\"text-align: justify; line-height: 18px; margin-top: 18px;\">Prof. Parameswaran Pattiyil, Department of Chemistry, NIT; Calicut, India: Coordination chemistry at the main-group elements.[<a href=\"https:\/\/pgroupnitc.wixsite.com\/nitccomputational\">link<\/a>]<\/li>\n<li style=\"text-align: justify; line-height: 18px; margin-top: 18px;\">Prof. R. Bruce King, The University of Georgia; Athens, USA: Electronic Structure of\u00a0 Metallaboranes of early transition metals.[<a href=\"https:\/\/www.chem.uga.edu\/directory\/people\/r-bruce-king\">link<\/a>]<\/li>\n<li style=\"text-align: justify; line-height: 18px; margin-top: 18px;\">Prof. Ashwini K. Phukan, Department of Chemical Sciences, Tezpur University; Tezpur &#8211; 784 028, Assam, India: Electronic Structure of Polyhedral Boranes and Metallaboranes.[<a href=\"http:\/\/www.tezu.ernet.in\/dcs\/personal_profile_akp.html\">link<\/a>]<\/li>\n<li style=\"text-align: justify; line-height: 18px; margin-top: 18px;\">Dr. Alexandru Lupan,Faculty of Chemistry and Chemical Engineering, Babes-Bolyai University; Romania: Biological Applications of Chemical Compounds.[<a href=\"http:\/\/www.chem.ubbcluj.ro\/pagini\/anorganica\/isi\/alex\/index.html\">link<\/a>]<\/li>\n<\/ul>\n<\/div>\n\t\t<\/div><\/div><\/div><\/div>\n\n\n<p><\/p>\n","protected":false},"excerpt":{"rendered":"","protected":false},"author":1,"featured_media":0,"parent":0,"menu_order":0,"comment_status":"closed","ping_status":"closed","template":"","meta":[],"_links":{"self":[{"href":"https:\/\/chem.iitm.ac.in\/Faculty\/ghosh\/index.php?rest_route=\/wp\/v2\/pages\/919"}],"collection":[{"href":"https:\/\/chem.iitm.ac.in\/Faculty\/ghosh\/index.php?rest_route=\/wp\/v2\/pages"}],"about":[{"href":"https:\/\/chem.iitm.ac.in\/Faculty\/ghosh\/index.php?rest_route=\/wp\/v2\/types\/page"}],"author":[{"embeddable":true,"href":"https:\/\/chem.iitm.ac.in\/Faculty\/ghosh\/index.php?rest_route=\/wp\/v2\/users\/1"}],"replies":[{"embeddable":true,"href":"https:\/\/chem.iitm.ac.in\/Faculty\/ghosh\/index.php?rest_route=%2Fwp%2Fv2%2Fcomments&post=919"}],"version-history":[{"count":39,"href":"https:\/\/chem.iitm.ac.in\/Faculty\/ghosh\/index.php?rest_route=\/wp\/v2\/pages\/919\/revisions"}],"predecessor-version":[{"id":3064,"href":"https:\/\/chem.iitm.ac.in\/Faculty\/ghosh\/index.php?rest_route=\/wp\/v2\/pages\/919\/revisions\/3064"}],"wp:attachment":[{"href":"https:\/\/chem.iitm.ac.in\/Faculty\/ghosh\/index.php?rest_route=%2Fwp%2Fv2%2Fmedia&parent=919"}],"curies":[{"name":"wp","href":"https:\/\/api.w.org\/{rel}","templated":true}]}}