{"id":3269,"date":"2026-01-09T08:10:37","date_gmt":"2026-01-09T08:10:37","guid":{"rendered":"http:\/\/chem.iitm.ac.in\/Faculty\/ghosh\/?page_id=3269"},"modified":"2026-05-15T22:48:41","modified_gmt":"2026-05-15T22:48:41","slug":"publication-2026","status":"publish","type":"page","link":"https:\/\/chem.iitm.ac.in\/Faculty\/ghosh\/?page_id=3269","title":{"rendered":"Publication 2026"},"content":{"rendered":"<div id=\"pl-gb3269-6a07e5213a7ed\"  class=\"panel-layout\" ><div id=\"pg-gb3269-6a07e5213a7ed-0\"  class=\"panel-grid panel-no-style\" ><div id=\"pgc-gb3269-6a07e5213a7ed-0-0\"  class=\"panel-grid-cell\" ><div id=\"panel-gb3269-6a07e5213a7ed-0-0-0\" class=\"so-panel widget widget_text panel-first-child panel-last-child\" data-index=\"0\" ><div class=\"panel-widget-style panel-widget-style-for-gb3269-6a07e5213a7ed-0-0-0\" >\t\t\t<div class=\"textwidget\"><ol style=\"line-height: 30px;\" reversed=\"\" start=\"315\">\n<li style=\"text-align: justify; line-height: 18px; margin-top: 18px;\">[Os(\u03b7<sup>5<\/sup>-B<sub>5<\/sub>H<sub>10<\/sub>)<sub>2<\/sub>]: A Carbon-Free Analog of Ferrocene: S. Mohapatra,<sup>\u2020<\/sup> S. Saha,<sup>\u2020<\/sup> G. Joshi, U. Gupta, D. K. Patel, E. D. Jemmis, and S. Ghosh <em>( <sup>\u2020<\/sup>equal first author)<\/em>, <em> Science<\/em>, <strong>2026<\/strong><em>, 392<\/em>, 6796. [<a href=\"https:\/\/www.science.org\/doi\/full\/10.1126\/science.aed9192\">pdf<\/a>] (<em>DOI: 10.1126\/science.aed9192<\/em>).<\/li>\n<li style=\"text-align: justify; line-height: 18px; margin-top: 18px;\">Synthesis, Structure, and Bonding of an S<sub>3<\/sub>-Bridged nido-Dimetalladecaborane(14) Analogue: S. Giri, P. Nampi and S. Ghosh, <em> Inorg. Chim. Acta<\/em>, <strong>2026<\/strong>. [<a>pdf<\/a>]<em> (&#8220;Special Issue in Honor of Prof. Dr. Herbert W. Roesky\u201d)<\/em><\/li>\n<li style=\"text-align: justify; line-height: 18px; margin-top: 18px;\">A 14-Vertex Bud-Shaped [(Cp*Ti)<sub>2<\/sub>B<sub>12<\/sub>H<sub>18<\/sub>] Cluster: S. Bairagi, D. Chatterjee, D. K. Patel, S. Acharya and S. Ghosh, <em> Dalton Trans.<\/em>, <strong>2026<\/strong>. [<a href=\"https:\/\/pubs.rsc.org\/en\/content\/articlelanding\/2026\/dt\/d5dt03098f\">pdf<\/a>]<\/li>\n<li style=\"text-align: justify; line-height: 18px; margin-top: 18px;\">Cooperative E-H bond insertions and activations by transition metal complexes (E = B, C, Si, Al): Hemilability at play: S. Saha, S.Mohapatra and S. Ghosh, <em> Dalton Trans.<\/em>, <strong>2026<\/strong>, <em>55<\/em>, 4357. [<a href=\"https:\/\/pubs.rsc.org\/en\/content\/articlelanding\/2026\/dt\/d5dt03092g\">pdf<\/a>] [<a href=\"https:\/\/pubs.rsc.org\/en\/journals\/articlecollectionlanding?sercode=dt&amp;themeid=7de20283-6b2a-4586-b7fd-125a6498427f\"><em>Dalton Transactions: HOT Articles <\/em><\/a>]<\/li>\n<li style=\"text-align: justify; line-height: 18px; margin-top: 18px;\">Thiolated bis-meta-Carborane: A Molecular Rotor with Conformation-Dependent Dipole Moment: D. K. Patel, M. Frey, M. Ku\u010der\u00e1kov\u00e1, J. Mach\u00e1\u010dek, D. Bavol, J. Picker, C. Neumann, Z. Bastl, M. Du\u0161ek, S. Ghosh, A. Turchanin, T. Pradeep, and T. Base, <em> JACS Au<\/em>, <strong>2026<\/strong>, <em>6<\/em>, 1327. [<a href=\"https:\/\/pubs.acs.org\/doi\/10.1021\/jacsau.5c01656\">pdf<\/a>]<\/li>\n<li style=\"text-align: justify; line-height: 18px; margin-top: 18px;\">Polymetallic Titanium Chalcogenide Clusters Comprising {E<sub>n<\/sub>}<sup>2-<\/sup> Ligands (E = S,Se; n =1-3): S. Bairagi, S. Giri, D. Chatterjee, S. Chowdhury and S. Ghosh, <em>Inorg. Chem. Front.<\/em>, <strong>2026<\/strong>. [<a href=\"https:\/\/pubs.rsc.org\/is\/content\/articlelanding\/2026\/qi\/d5qi01882j\">pdf<\/a>]<\/li>\n<li style=\"text-align: justify; line-height: 18px; margin-top: 18px;\">Expanding Icosahedral Frameworks: Structure and Bonding of Bicapped Icosahedral Cluster [(Cp*Co)<sub>4<\/sub>Fe(CO)B<sub>9<\/sub>H<sub>11<\/sub>]: S. Giri, S. Bairagi, S. Shyamal and S. Ghosh, <em> Chem. Commun.<\/em>, <strong>2026<\/strong>, <em>62<\/em>, 1981. [<a href=\"https:\/\/pubs.rsc.org\/en\/content\/articlelanding\/2026\/cc\/d5cc06191a\">pdf<\/a>]<\/li>\n<li style=\"text-align: justify; line-height: 18px; margin-top: 18px;\">Cooperative Borane Activation by Tuning Hemilability of Different Os-<i>\u03ba<\/i><sup>2<\/sup>&#8211;<i>N<\/i><i>,Se<\/i>-Chelated Complexes: F. Assanar, S. Gayen, D.K. Patel, T. Pradeep and S. Ghosh, <em> Chem. Sci.<\/em>, <strong>2026<\/strong>. [<a href=\"https:\/\/pubs.rsc.org\/lv\/content\/articlelanding\/2026\/sc\/d5sc06346a\">pdf<\/a>]<\/li>\n<li style=\"text-align: justify; line-height: 18px; margin-top: 18px;\">All-Boron Analogue of Planar Benzene on an Osmium Template: K. Kar, G. Joshi, E. D. Jemmis and S. Ghosh, <em> Chem. Sci.<\/em>, <strong>2026<\/strong>, <em>17<\/em>, 196. [<a href=\"https:\/\/pubs.rsc.org\/en\/content\/articlelanding\/2025\/sc\/d5sc06992k\">pdf<\/a>] [<a href=\"https:\/\/pubs.rsc.org\/en\/journals\/articlecollectionlanding?sercode=sc&amp;themeid=3d3971b7-97a7-4bcf-9c6c-8fd5d8a186d4\"><em>2025 ChemSci Pick of the Week <\/em><\/a>] &amp; [<a href=\"https:\/\/pubs.rsc.org\/en\/journals\/articlecollectionlanding?sercode=sc&amp;themeid=a131bcbd-b300-4c1e-baf6-f1f83f4fb0f8\"><em>2025 Chemical Science HOT Article Collection<\/em><\/a>]<\/li>\n<li style=\"text-align: justify; line-height: 18px; margin-top: 18px;\">Hydroboration via Metal-Bound \u03c3(B-H) Bonds in Ru-(\u03c3-Borate) Complexes: A Pathway to \u03b74-HBCC-\u03c3,\u03c0-Borataallyl Complexes: S. Gayen, S.Satapathi, D.K. Patel and S. Ghosh, <em> Dalton Trans.<\/em>, <strong>2026<\/strong>, <em>55<\/em>, 291. [<a href=\"https:\/\/pubs.rsc.org\/en\/content\/articlelanding\/2026\/dt\/d5dt02484f\">pdf<\/a>]<\/li>\n<\/ol>\n<\/div>\n\t\t<\/div><\/div><\/div><\/div><\/div>\n\n\n<p><\/p>\n","protected":false},"excerpt":{"rendered":"","protected":false},"author":2,"featured_media":0,"parent":0,"menu_order":0,"comment_status":"closed","ping_status":"closed","template":"","meta":[],"_links":{"self":[{"href":"https:\/\/chem.iitm.ac.in\/Faculty\/ghosh\/index.php?rest_route=\/wp\/v2\/pages\/3269"}],"collection":[{"href":"https:\/\/chem.iitm.ac.in\/Faculty\/ghosh\/index.php?rest_route=\/wp\/v2\/pages"}],"about":[{"href":"https:\/\/chem.iitm.ac.in\/Faculty\/ghosh\/index.php?rest_route=\/wp\/v2\/types\/page"}],"author":[{"embeddable":true,"href":"https:\/\/chem.iitm.ac.in\/Faculty\/ghosh\/index.php?rest_route=\/wp\/v2\/users\/2"}],"replies":[{"embeddable":true,"href":"https:\/\/chem.iitm.ac.in\/Faculty\/ghosh\/index.php?rest_route=%2Fwp%2Fv2%2Fcomments&post=3269"}],"version-history":[{"count":54,"href":"https:\/\/chem.iitm.ac.in\/Faculty\/ghosh\/index.php?rest_route=\/wp\/v2\/pages\/3269\/revisions"}],"predecessor-version":[{"id":3410,"href":"https:\/\/chem.iitm.ac.in\/Faculty\/ghosh\/index.php?rest_route=\/wp\/v2\/pages\/3269\/revisions\/3410"}],"wp:attachment":[{"href":"https:\/\/chem.iitm.ac.in\/Faculty\/ghosh\/index.php?rest_route=%2Fwp%2Fv2%2Fmedia&parent=3269"}],"curies":[{"name":"wp","href":"https:\/\/api.w.org\/{rel}","templated":true}]}}