{"id":1034,"date":"2020-11-19T06:47:44","date_gmt":"2020-11-19T06:47:44","guid":{"rendered":"http:\/\/m2square.net\/ghosh\/?page_id=1034"},"modified":"2026-01-09T12:14:20","modified_gmt":"2026-01-09T12:14:20","slug":"publications-2020","status":"publish","type":"page","link":"https:\/\/chem.iitm.ac.in\/Faculty\/ghosh\/?page_id=1034","title":{"rendered":"Publications 2021-2023"},"content":{"rendered":"<div id=\"pl-gb1034-69e2a016f330d\"  class=\"panel-layout\" ><div id=\"pg-gb1034-69e2a016f330d-0\"  class=\"panel-grid panel-no-style\" ><div id=\"pgc-gb1034-69e2a016f330d-0-0\"  class=\"panel-grid-cell\" ><div id=\"panel-gb1034-69e2a016f330d-0-0-0\" class=\"so-panel widget widget_text panel-first-child panel-last-child\" data-index=\"0\" >\t\t\t<div class=\"textwidget\"><ol style=\"line-height: 30px;\" reversed=\"\" start=\"273\">\n<li style=\"text-align: justify; line-height: 18px; margin-top: 18px;\">Degradation chemistry of dimetallaboranes, [(Cp<sup>*<\/sup>M)<sub>2<\/sub>B<sub>5<\/sub>H<sub>9+x<\/sub>] with [(Ph<sub>2<\/sub>Se<sub>2<\/sub>], (x = 2 or 0, M = V or Cr): A. Haridas, D. Chatterjee, S. Giri, A. De and S. Ghosh, <em>Organometallics<\/em>, <strong>2023<\/strong>,<em> 42<\/em>, 3199. [<a href=\"https:\/\/doi.org\/10.1021\/acs.organomet.3c00341\">pdf<\/a>]<\/li>\n<li style=\"text-align: justify; line-height: 18px; margin-top: 18px;\">16-vertex <em>oblato<\/em>&#8211;<em>hypho<\/em>-Titanaborane [(Cp<sup>*<\/sup>Ti)<sub>2<\/sub>B<sub>14<\/sub>H<sub>18<\/sub>]: S. Kar, S. Bairagi, J.-F. Halet and S. Ghosh, <em>Chem. Commun.<\/em>, <strong>2023<\/strong>, <em>59<\/em>, 11676. [<a href=\"https:\/\/doi.org\/10.1039\/D3CC03952H\">pdf<\/a>]<\/li>\n<li style=\"text-align: justify; line-height: 18px; margin-top: 18px;\">Diborane and Triborane Species in the Coordination Sphere of Group-8 Transition Metals: A. N. Pradhan, S. Bairagi and S. Ghosh, <em>Inorg. Chem.<\/em>, <strong>2023<\/strong>, <em>62<\/em>, 14790. [<a href=\"https:\/\/pubs.acs.org\/doi\/full\/10.1021\/acs.inorgchem.3c02286\">pdf<\/a>]<\/li>\n<li style=\"text-align: justify; line-height: 18px; margin-top: 18px;\">Macropolyhedral <em>syn<\/em>-B<sub>18<\/sub>H<sub>22<\/sub>, the \u201cForgotten\u201d Isomer: D. Patel, B. S. Sooraj, K. Kirakci, J. Machacek, M. Ku\u010der\u00e1kov\u00e1, J. Bould, M. Dusek, M. Frey, C. Neumann, S. Ghosh, A. Turchanin, T. Pradeep and T. Base, <em>J. Am. Chem. Soc.<\/em>, <strong>2023<\/strong>, <em>145<\/em>, 17975. [<a href=\"https:\/\/pubs.acs.org\/doi\/10.1021\/jacs.3c05530\">pdf<\/a>]<\/li>\n<li style=\"text-align: justify; line-height: 18px; margin-top: 18px;\">Base Stabilized \u03c3-Borane Complex of Group 5 Metals: Synthesis and Structure of [(<em>\u03b7<\/em><sup>5<\/sup>-C<sub>5<\/sub>Me<sub>5<\/sub>)Ta(H<sub>3<\/sub>BNC<sub>5<\/sub>H<sub>4<\/sub>)(C<sub>5<\/sub>H<sub>4<\/sub>NS)(<em>\u03b7<\/em><sup>2<\/sup>-S<sub>2<\/sub>)]: A. Haridas, S. Saha, S. Bedajna and S. Ghosh, <em>Eur. J. Inorg. Chem.<\/em>, <strong>2023<\/strong>, <em>26<\/em>, e202300312. [<a href=\"https:\/\/chemistry-europe.onlinelibrary.wiley.com\/doi\/abs\/10.1002\/ejic.202300312\">pdf<\/a>]<\/li>\n<li style=\"text-align: justify; line-height: 18px; margin-top: 18px;\">Metal-Rich Metallaboranes: Synthesis, Structure, and Bonding of Heteronuclear Trimetallic Clusters containing (<em>\u00b5<\/em><sub>3<\/sub>-BH) Ligand: A. N. Pradhan, S. Jaiswal and S. Ghosh, <em>Eur. J. Inorg. Chem.<\/em>, <strong>2023<\/strong>, <em>26<\/em>, e202300254. [<a href=\"https:\/\/chemistry-europe.onlinelibrary.wiley.com\/doi\/10.1002\/ejic.202300254\">pdf<\/a>]<\/li>\n<li style=\"text-align: justify; line-height: 18px; margin-top: 18px;\">Synthesis, Structure and Bonding of the Tungstaboranes [Cp*W(CO)<sub>2<\/sub>B<sub>3<\/sub>H<sub>8<\/sub>] and [(Cp*W)<sub>3<\/sub>(CO)<sub>2<\/sub>B<sub>4<\/sub>H<sub>7<\/sub>]: S. Mohapatra, S. Gayen, S. Shyamal, J.-F. Halet and S. Ghosh, <em>Inorganics<\/em>, <strong>2023<\/strong>, <em> 11<\/em>, 248. [<a href=\"https:\/\/www.mdpi.com\/2304-6740\/11\/6\/248\">pdf<\/a>] <em>(Invited article for a special issue on Fifth Element: The Current State of Boron Chemistry)<\/em><\/li>\n<li style=\"text-align: justify; line-height: 18px; margin-top: 18px;\">Synthesis and Structures of Ruthena-octahydrotetraborane Complexes: A. Ahmad, S. Saha, M. Zafar, M. Cordier and S. Ghosh, <em>Eur. J. Inorg. Chem.<\/em>, <strong>2023<\/strong>, <em><span class=\"vol\">26<\/span><\/em>, e202300196. [<a href=\"https:\/\/chemistry-europe.onlinelibrary.wiley.com\/doi\/10.1002\/ejic.202300196\">pdf<\/a>]<\/li>\n<li style=\"text-align: justify; line-height: 18px; margin-top: 18px;\">Combined B-H and Si-H bond activations at ruthenium: R. Ayyappan, K. Saha, U. Kaur, S. Gayen, L. Vendier, S. Sabo-Etienne, S. Ghosh and S. Bontemps, <em>Organometallics<\/em>, <strong>2023<\/strong>,<em> 42<\/em>, 752. [<a href=\"https:\/\/pubs.acs.org\/doi\/full\/10.1021\/acs.organomet.3c00109\">pdf<\/a>]<\/li>\n<li style=\"text-align: justify; line-height: 18px; margin-top: 18px;\">Syntheses, Structures, and Electronic Properties of Mono- and Bimetallic Thiolato Complexes Containing Unusual Coordination Modes of Thiolato Ligands: S. Bairagi, A. N. Pradhan, M. Cordier, T. Roisnel and S. Ghosh, <em>Eur. J. Inorg. Chem.<\/em>, <strong>2023<\/strong>, <em>26<\/em>, e202300060. [<a href=\"https:\/\/chemistry-europe.onlinelibrary.wiley.com\/doi\/10.1002\/ejic.202300060\">pdf<\/a>]<\/li>\n<li style=\"text-align: justify; line-height: 18px; margin-top: 18px;\">Triple-decker complexes comprising heterocyclic middle-deck with coinage metals: C. Nandi, R. Bag, S. Giri, A. Roy, M. Cordier and S. Ghosh, <em>J. Organomet. Chem.<\/em>, <strong>2023<\/strong>, <em>990<\/em>, 122667. [<a href=\"https:\/\/www.sciencedirect.com\/science\/article\/pii\/S0022328X23000554\">pdf<\/a>]<\/li>\n<li style=\"text-align: justify; line-height: 18px; margin-top: 18px;\">Synthesis and chemistry of Ru-bimetallic homocubane clusters: U. Kaur, S. Jaiswal, S. Gayen and S. Ghosh, <em>J. Organomet. Chem.<\/em>, <strong>2023<\/strong>, <em>989<\/em>, 122642. [<a href=\"https:\/\/www.sciencedirect.com\/science\/article\/pii\/S0022328X2300030X\">pdf<\/a>] <em> (Invited article for a special issue on ICOMC22)<\/em><\/li>\n<li style=\"text-align: justify; line-height: 18px; margin-top: 18px;\">Chemistry of CS<sub>2<\/sub> and CS<sub>3<\/sub> Bridged Decaborane Analogues: Regular Co-ordination versus Cluster Expansion: K. Kar, S. Saha, R. M. Parmar, A. Roy, M. Cordier, T. Roisnel and S. Ghosh, <em>Molecules<\/em>, <strong>2023<\/strong>, <em>28<\/em>, 998. [<a href=\"https:\/\/www.mdpi.com\/1420-3049\/28\/3\/998\">pdf<\/a>] <em>(Invited article for a special issue on New Boron Chemistry: Current Advances and Future Prospects)<\/em><\/li>\n<li style=\"text-align: justify; line-height: 18px; margin-top: 18px;\">Synthesis and Structures of Facial and Meridional Stereoisomers of \u03ba<sup>2<\/sup>-N,S-Chelated Ruthenium Borate Complexes: A. Ahmad, S. Saha, M. Zafar, T. Roisnel, P. Ghosh and S. Ghosh, <em>Eur. J. Org. Chem<\/em>, <strong>2023<\/strong>, <em>989<\/em>, e202201283. [<a href=\"https:\/\/chemistry-europe.onlinelibrary.wiley.com\/doi\/10.1002\/ejoc.202201283\">pdf<\/a>] <em>(Invited article for a special issue on Boron Chemistry)<\/em><\/li>\n<li style=\"text-align: justify; line-height: 18px; margin-top: 18px;\">Carborane-thiol protected copper nanoclusters: Stimuli-responsive materials with tunable phosphorescence: A. Jana, M. Jash, W. Ahmed Dar, J. Roy, P. Chakraborty, G.\u00a0Paramasivam, S. Lebedkin, K. Kirakci, S. Manna, S. Antharjanam, J.\u00a0Machacek, M. Kucerakova, S. Ghosh, K. Lang, M. M. Kappes, T.\u00a0Base and T. Pradeep, <em>Chem. Sci.<\/em>, <strong>2023, <\/strong><em>14<\/em>, 1613. [<a href=\"https:\/\/pubs.rsc.org\/en\/content\/articlelanding\/2023\/sc\/d2sc06578a\">pdf<\/a>]<\/li>\n<li style=\"text-align: justify; line-height: 18px; margin-top: 18px;\">Synthesis and Chemistry of Dihydridoborate Group 7 Metal Complexes with Varied N,E-Chelated Ligands (E = O, NH or S): K. Pathak, S. Mishra, C. Nandi, S. Saha, and S. Ghosh, <em>Inorg. Chem.<\/em>, <strong>2023<\/strong>, <em>62<\/em>, 160. [<a href=\"https:\/\/pubs.acs.org\/doi\/full\/10.1021\/acs.inorgchem.2c03095\">pdf<\/a>]<\/li>\n<li style=\"text-align: justify; line-height: 18px; margin-top: 18px;\">Thiolate Bridged Hetero-Dinuclear Manganese-Cobalt Complexes with Bridging Hydride Ligands: K. Pathak, S. Mishra, S. Bairagi, B. Rajeshwaree, A. Dutta and S. Ghosh, <em>Organometallics<\/em>, <strong>2023<\/strong>, <em>42<\/em>, 133. [<a href=\"https:\/\/pubs.acs.org\/doi\/full\/10.1021\/acs.organomet.2c00421\">pdf<\/a>] [<a href=\"https:\/\/pubs.acs.org\/pb-assets\/images\/_journalCovers\/orgnd7\/orgnd7_v042i002.jpg?0.5800824726782663\">Front Cover<\/a>]<\/li>\n<li style=\"text-align: justify; line-height: 18px; margin-top: 18px;\">Transition Metal Borate Complexes Containing \u03ba<sup>0<\/sup>-\u03ba<sup>6<\/sup> Denticity of Scorpionate Borate Ligands: S. Saha, F. Assanar and S. Ghosh, <em>Eur. J. Inorg. Chem.<\/em>, <strong>2023<\/strong>, <em>26<\/em>, e202200587. [<a href=\"https:\/\/chemistry-europe.onlinelibrary.wiley.com\/doi\/abs\/10.1002\/ejic.202200587\">pdf<\/a>]<\/li>\n<li style=\"text-align: justify; line-height: 18px; margin-top: 18px;\">Structures and Bonding of Early Transition Metallaborane Clusters: S. Mohapatra, S. Gayen, R. Bag, A. Das, R. Ramalakshmi, M. Cordier and S. Ghosh, <em>Organometallics<\/em>, <strong>2023<\/strong>,<em> 42<\/em>, 1077. [<a href=\"https:\/\/pubs.acs.org\/doi\/full\/10.1021\/acs.organomet.2c00363\">pdf<\/a>] (<em>Invited article for a special issue in &#8220;Early Transition Metals in Organometallic Chemistry&#8221;<\/em>)<\/li>\n<li style=\"text-align: justify; line-height: 18px; margin-top: 18px;\">Trimetallic Chalcogenide Species: Synthesis, Structures, and Bonding: S. Kar, D. Chatterjee, J. -F. Halet and S. Ghosh, <em>Molecules<\/em>, <strong>2022<\/strong>, <em>27<\/em>, 7473. [<a href=\"https:\/\/www.mdpi.com\/1420-3049\/27\/21\/7473\">pdf<\/a>] <em>(Invited article for Organometallic Chemistry section)<\/em><\/li>\n<li style=\"text-align: justify; line-height: 18px; margin-top: 18px;\">Cluster Growth Reactions: Structures and Bonding of Metal-Rich Metallaheteroboranes Containing Heavier Chalcogen Elements: C. Nandi, A. Roy, K. Kar, M. Cordier and S. Ghosh, <em>Inorg. Chem.<\/em>, <strong>2022<\/strong>, <em>42<\/em>, 16750. [<a href=\"https:\/\/pubs.acs.org\/doi\/10.1021\/acs.inorgchem.2c02601\">pdf<\/a>]<\/li>\n<li style=\"text-align: justify; line-height: 18px; margin-top: 18px;\">C. Nandi, K. Kar, A. Roy and S. Ghosh, Metallaboranes and metallaheteroboranes: An overview of single-cage and condensed polyhedral clusters. in: <em>Advances in Inorganic Chemistry.<\/em> Ed. R. V. Eldik and D. Chatterjee, Elsevier, <strong>2022<\/strong>.[<a href=\"https:\/\/www.sciencedirect.com\/science\/article\/abs\/pii\/S0898883822000356\">pdf<\/a>]<\/li>\n<li style=\"text-align: justify; line-height: 18px; margin-top: 18px;\">The chemistry of \u03ba<sup>2<\/sup>-N,S-chelated Ru(II) complexes with 1,4-diethynylbenzene: Z. Afsan, A. Ahmad, M. Zafar, A. Das, T. Roisnel and S. Ghosh, <em>Polyhedron<\/em>, <strong>2022<\/strong>, 116120. [<a href=\"https:\/\/www.sciencedirect.com\/science\/article\/pii\/S0277538722004727?via%3Dihub\">pdf<\/a>] (<em>Invited article for a special issue for ACCC8<\/em>)<\/li>\n<li style=\"text-align: justify; line-height: 18px; margin-top: 18px;\">Hexagonal Planar [B<sub>6<\/sub>H<sub>6<\/sub>] within a [B<sub>6<\/sub>H<sub>12<\/sub>] Borate complex; Structure and Bonding of [(Cp*Ti)<sub>2<\/sub>(<em>\u03bc<\/em>&#8211;<em>\u0273<\/em><sup>6<\/sup>:<em>\u0273<\/em><sup>6<\/sup>-B<sub>6<\/sub>H<sub>6<\/sub>)(<em>\u03bc<\/em>-H)<sub>6<\/sub>]: S. Kar, S. Bairagi, A. Haridas, G. Joshi, E. D. Jemmis and S. Ghosh, <em>Angew. Chem. Int. Ed.<\/em>, <strong>2022<\/strong>, <em>61<\/em>, e202208293. [<a href=\"https:\/\/onlinelibrary.wiley.com\/doi\/10.1002\/anie.202208293\">pdf<\/a>] [<a style=\"text-align: justify; color: #ffffff;\" href=\"https:\/\/www.chemistryviews.org\/the-first-flat-b6h6-ring\/\">Highlighted in ChemistryViews<\/a>]<\/li>\n<li style=\"text-align: justify; line-height: 18px; margin-top: 18px;\">Cooperative B-H bond activation: Dual sites borane activation by redox active \u03ba<sup>2<\/sup>-N,S-chelated complexes: M. Zafar, A. Ahmad, S. Saha, R. Rongala, T. Roisnel and S. Ghosh, <em>Chem. Sci.<\/em>, <strong>2022<\/strong>, <em>13<\/em>, 8567. [<a href=\"https:\/\/pubs.rsc.org\/en\/content\/articlelanding\/2022\/sc\/d2sc00907b\">pdf<\/a>]<\/li>\n<li style=\"text-align: justify; line-height: 18px; margin-top: 18px;\">K. Pathak, S. Mishra and S. Ghosh, Boron: Polyhedral Metallaboranes. in: <em>Encyclopedia of Inorganic and Bioinorganic Chemistry.<\/em> Ed. B. Sarkar, Wiley, <strong>2022<\/strong>. [<a href=\"https:\/\/onlinelibrary.wiley.com\/doi\/10.1002\/9781119951438.eibc2809\">pdf<\/a>]<\/li>\n<li style=\"text-align: justify; line-height: 18px; margin-top: 18px;\">Metal-rich clusters: synthesis, structure and bonding of metallaboranes featuring \u00b5<sub>5<\/sub>-boride and triply bridging borylene units: A. N. Pradhan, B. K. Rout, Prof. J.-F. Halet and S. Ghosh, <em>Inorg. Chim. Acta<\/em>, <strong>2022<\/strong>, <em>540<\/em>, 121045. [<a href=\"https:\/\/www.sciencedirect.com\/science\/article\/pii\/S0020169322002572\">pdf<\/a>] (<em>Invited article for a special issue dedicated to Professor R. Bruce King<\/em>)<\/li>\n<li style=\"text-align: justify; line-height: 18px; margin-top: 18px;\">Vertex-Fused Clusters Featuring a Flattened Butterfly: S. Kar, K. Kar and S. Ghosh, <em>Organometallics<\/em>, <strong>2022<\/strong>. <em>41<\/em>, 1125. [<a href=\"https:\/\/pubs.acs.org\/doi\/full\/10.1021\/acs.organomet.2c00088\">pdf<\/a>]<\/li>\n<li style=\"text-align: justify; line-height: 18px; margin-top: 18px;\">Coordination and Hydroboration of Ru(II)-Borate Complexes: Dihydridoborate vs. Bis(dihydridoborate): K. Pathak, S. Gayen, S. Saha, C. Nandi, S. Mishra and S. Ghosh, <em>Chem. Eur. J.<\/em>, <strong>2022<\/strong>, <em>28<\/em>, e202104393. [<a href=\"https:\/\/chemistry-europe.onlinelibrary.wiley.com\/doi\/full\/10.1002\/chem.202104393\">pdf<\/a>]<\/li>\n<li style=\"text-align: justify; line-height: 18px; margin-top: 18px;\">Cooperative B-H activation by Cp* based \u03ba<sup>2<\/sup>-N,S-chelated Ru(II) and Mo(II) complexes (Cp* = \u019e<sup>5<\/sup>-C<sub>5<\/sub>Me<sub>5<\/sub>): S. Saha, A. Haridas, F. Assanar, C. Bansal, P. K. S. Antharjanam and S. Ghosh, <em>Dalton Trans.<\/em>, <strong>2022<\/strong>, <em>51<\/em>, 4806. [<a href=\"https:\/\/pubs.rsc.org\/en\/Content\/ArticleLanding\/2022\/DT\/D2DT00242F\">pdf<\/a>]<\/li>\n<li style=\"text-align: justify; line-height: 18px; margin-top: 18px;\">R. Bag, S. Bairagi, B. K. Rout and S. Ghosh, Transition Metal Diborane and Diborene Complexes: an Overview. in: <em>Encyclopedia of Inorganic and Bioinorganic Chemistry.<\/em> Ed. R. Melen, Wiley, <strong>2022<\/strong>. [<a href=\"https:\/\/onlinelibrary.wiley.com\/doi\/abs\/10.1002\/9781119951438.eibc2828\">pdf<\/a>]<\/li>\n<li style=\"text-align: justify; line-height: 18px; margin-top: 18px;\">S. Kar, A. N. Pradhan and S. Ghosh, Polyhedral Metallaboranes and Metallacarboranes. in: <em>Comprehensive Organometallic Chemistry IV.<\/em> Ed. G. Parkin, K. Meyer, D. O\u2019hare, Elsevier, <strong>2022<\/strong>, <em>9<\/em>, 263-369. [<a href=\"https:\/\/www.sciencedirect.com\/science\/article\/pii\/B9780128202067001694?via%3Dihub\">pdf<\/a>]<\/li>\n<li style=\"text-align: justify; line-height: 18px; margin-top: 18px;\">Hydroboration reactions using transition metal borane and borate complexes: An overview (frontier article): K. Saha and S. Ghosh, <em>Dalton Trans.<\/em>, <strong>2022<\/strong>, <em>51<\/em>, 2631.[<a href=\"https:\/\/pubs.rsc.org\/en\/Content\/ArticleLanding\/2022\/DT\/D1DT04289K\">pdf<\/a>]<\/li>\n<li style=\"text-align: justify; line-height: 18px; margin-top: 18px;\">Substitution at B-H vertices of group 5 metallaborane clusters: A. Haridas, S. Bedajna and S. Ghosh, <em>J. Organomet. Chem.<\/em>, <strong>2022<\/strong>, <em>961<\/em>, 122250. [<a href=\"https:\/\/www.sciencedirect.com\/science\/article\/pii\/S0022328X21005714\">pdf<\/a>]<\/li>\n<li style=\"text-align: justify; line-height: 18px; margin-top: 18px;\">K. Pathak, K. Saha and S. Ghosh, Nanovehicles and boron clusters. in: <em>Fundamentals and Applications of Boron Chemistry.<\/em> Ed. Y. Zhu and N. S. Hosmane, Elsevier, <strong>2022<\/strong>, <em>2<\/em>, 291. [<a href=\"https:\/\/www.sciencedirect.com\/science\/article\/pii\/B9780128221273000077#!\">pdf<\/a>]<\/li>\n<li style=\"text-align: justify; line-height: 18px; margin-top: 18px;\">Chalcogen Stabilized Borate Complexes of Tantalum: S. Kar, K. Kar, S. Bairagi, M. Bhattacharyya, M. G. Chowdhury, and S. Ghosh, <em>Inorg. Chimica. Acta.<\/em>, <strong>2022<\/strong>, <em>530<\/em>, 120685. [<a href=\"https:\/\/www.sciencedirect.com\/science\/article\/pii\/S0020169321004412\">pdf<\/a>]<\/li>\n<li style=\"text-align: justify; line-height: 18px; margin-top: 18px;\">Metallaheteroboranes with group 16 elements: Aspects of synthesis, framework and reactivity: K. Pathak, C. Nandi and S. Ghosh <em>Coord. Chem. Rev.<\/em>, <strong>2022<\/strong>, <em>453<\/em>, 214303. [<a href=\"https:\/\/www.sciencedirect.com\/science\/article\/pii\/S0010854521005774?dgcid=rss_sd_all\">pdf<\/a>]<\/li>\n<li style=\"text-align: justify; line-height: 18px; margin-top: 18px;\">Light-Activated Intercluster Conversion of an Atomically Precise Silver Nanocluster: A. Jana, M. Jash, A. Kumar Poonia, G. Paramasivam, M. R. Islam, P. Chakraborty, S. Antharjanam, J. Machacek, S. Ghosh, K. N. V. D. Adarsh, T. Base, and T. Pradeep <em>ACS Nano<\/em>, <strong>2021<\/strong>, <em>15<\/em>, 15781. [<a href=\"https:\/\/pubs.acs.org\/doi\/10.1021\/acsnano.1c02602\">pdf<\/a>]<\/li>\n<li style=\"text-align: justify; line-height: 18px; margin-top: 18px;\">Metal Coordinated Tri- and Tetraborane Analogues: S. Kar, S. Bairagi, K. Kar, T. Roisnel, V. Dorcet, and S. Ghosh <em>Eur. J. Inorg. Chem.<\/em>, <strong>2021<\/strong>, 4443. [<a href=\"https:\/\/doi.org\/10.1002\/ejic.202100687\">pdf<\/a>] [<a style=\"text-align: justify; color: #ffffff;\" href=\" https:\/\/doi.org\/10.1002\/ejic.202100900\">Cover Page<\/a>]<\/li>\n<li style=\"text-align: justify; line-height: 18px; margin-top: 18px;\">Metal stabilized [B<sub>8<\/sub>H<sub>8<\/sub>]<sup>2-<\/sup> derivatives with dodecahedral structure in solid- and solution-state: [(Cp<sub>2<\/sub>MBH<sub>3<\/sub>)<sub>2<\/sub>B<sub>8<\/sub>H<sub>6<\/sub>], (Cp = \u019e<sup>5<\/sup>-C<sub>5<\/sub>H<sub>5<\/sub>; M = Zr (<strong>1-Zr<\/strong>) and Hf (<strong>1-Hf<\/strong>)): S. Kar, S. Bairagi, G. Joshi, E. D. Jemmis and S. Ghosh <em>Chem. Eur. J.<\/em>, <strong>2021<\/strong>, <em>27<\/em>, 15637. [<a href=\"https:\/\/chemistry-europe.onlinelibrary.wiley.com\/doi\/10.1002\/chem.202102832\">pdf<\/a>]<\/li>\n<li style=\"text-align: justify; line-height: 18px; margin-top: 18px;\">Impact of the alkali metal on the structural and dynamic properties of the anionic pentahydride ruthenium complexes [M(THF)<sub>x<\/sub>][RuH<sub>5<\/sub>(PCy<sub>3<\/sub>)<sub>2<\/sub>] (M = Li, Na, K): R. Ayyappan, K. Saha, M. Grellier, E. Clot, L. Vendier, S. Ghosh, S. Sabo-Etienne and S. Bontemps <em>Organometallics<\/em>, <strong>2021<\/strong>, <em>40<\/em>, 3024. [<a href=\"https:\/\/pubs.acs.org\/doi\/10.1021\/acs.organomet.1c00384\">pdf<\/a>]<\/li>\n<li style=\"text-align: justify; line-height: 18px; margin-top: 18px;\">Planar triple-decker and capped octahedral clusters of group-6 transition metals: R. Bag, S. Gayen, S. Mohapatra, P. K. S. Antharjanam, J.-F. Halet and S. Ghosh <em>J. Organomet. Chem.<\/em>, <strong>2021<\/strong>, <em>952<\/em>, 122023. [<a href=\"https:\/\/www.sciencedirect.com\/science\/article\/pii\/S0022328X21003442?dgcid=rss_sd_all\">pdf<\/a>] <em>(Invited article for a special issue on the occasion of Prof. Pradeep Mathur 65th birthday)<\/em><\/li>\n<li style=\"text-align: justify; line-height: 18px; margin-top: 18px;\">Stabilization of dichalcogenide ligands in the coordination sphere of ruthenium system: K. Saha, S. Gayen, U. Kaur, T. Roisnel and S. Ghosh <em>Dalton Trans.<\/em>, <strong>2021<\/strong>, <em>50<\/em>, 12990. [<a href=\"https:\/\/pubs.rsc.org\/en\/content\/articlelanding\/2021\/dt\/d1dt01614h\">pdf<\/a>]<\/li>\n<li style=\"text-align: justify; line-height: 18px; margin-top: 18px;\">Directed Synthesis of CS<sub>2<\/sub> and CS<sub>3<\/sub>-Bridged Decaborane-14 Analogues: C. Nandi, K. Kar, S. Gayen, T. Roisnel, and S. Ghosh <em>Inorg. Chem.<\/em>, <strong>2021<\/strong>, <em>60<\/em>, 12367. [<a href=\"https:\/\/pubs.acs.org\/doi\/10.1021\/acs.inorgchem.1c01585\">pdf<\/a>]<\/li>\n<li style=\"text-align: justify; line-height: 18px; margin-top: 18px;\">Contemporary developments in transition metal boryl complexes: An overview: U. Kaur, K. Saha, S. Gayen and S. Ghosh <em>Coord. Chem. Rev.<\/em>, <strong>2021<\/strong>, <em>446<\/em>, 214106. [<a href=\"https:\/\/www.sciencedirect.com\/science\/article\/pii\/S0010854521003805?via%3Dihub\">pdf<\/a>]<\/li>\n<li style=\"text-align: justify; line-height: 18px; margin-top: 18px;\">Structural and electronic analysis of bimetallic thiolate complexes of group-5 transition metal ions: U. Kaur, K. Saha, S. Bairagi, A. Das, T. Roisnel, T. K. Paine and S. Ghosh <em>J. Organomet. Chem.<\/em>, <strong>2021<\/strong>, <em>949<\/em>, 121943. [<a href=\"https:\/\/www.sciencedirect.com\/science\/article\/pii\/S0022328X21002643\">pdf<\/a>] <em>(Invited article for a special issue on the occasion of Prof. Pradeep Mathur 65th birthday)<\/em><\/li>\n<li style=\"text-align: justify; line-height: 18px; margin-top: 18px;\">Metal-rich Metallaboranes: Synthesis, Structures and Bonding of Bi- and Trimetallic Open-Faced Cobaltaboranes: K. Pathak, C. Nandi, J.-F. Halet, and S. Ghosh <em>Inorganics<\/em>, <strong>2021<\/strong>, <em>9<\/em>, 28. [<a href=\"https:\/\/www.mdpi.com\/2304-6740\/9\/4\/28\">pdf<\/a>]<\/li>\n<li style=\"text-align: justify; line-height: 18px; margin-top: 18px;\">S. Kar and S. Ghosh, Borane Polyhedra beyond Icosahedron. in: <em>Structure and Bonding.<\/em> Ed. D. M. P. Mingos, Springer, Berlin, Heidelberg, <strong>2021<\/strong>, <em>187<\/em>, 109-138. [<a href=\"https:\/\/link.springer.com\/chapter\/10.1007\/430_2021_85\">pdf<\/a>]<\/li>\n<li style=\"text-align: justify; line-height: 18px; margin-top: 18px;\">Triple-Decker Sandwich Complexes of Tungsten with Planar and Puckered Middle-Deck: R. Bag, R. Prakash, S. Saha, T. Roisnel, and S. Ghosh <em>Inorg. Chem.<\/em>, <strong>2021<\/strong>, <em>60<\/em>, 3524. [<a href=\"https:\/\/pubs.acs.org\/doi\/abs\/10.1021\/acs.inorgchem.0c03411\">pdf<\/a>]<\/li>\n<li style=\"text-align: justify; line-height: 18px; margin-top: 18px;\">Chemistry of group 5 metallaboranes with heterocyclic thiol ligands: a combined experimental and theoretical study: R. Prakash, A. Haridas, K. Bakthavachalam, T. Roisnel, J. -F. Halet and S. Ghosh <em>Dalton Trans.<\/em>, <strong>2021<\/strong>, <em>50<\/em>, 4036. [<a href=\"https:\/\/pubs.rsc.org\/en\/content\/articlelanding\/2021\/dt\/d0dt04362a#!divAbstract\">pdf<\/a>]<\/li>\n<li style=\"text-align: justify; line-height: 18px; margin-top: 18px;\">Recent Advances in the Synthesis and Reactivity of Transition Metal \u03c3-Borane\/-Borate Complexes: K. Saha, D. K. Roy, R. D. Dewhurst, S. Ghosh and H. Braunschweig <em>Acc. Chem. Res.<\/em>, <strong>2021<\/strong>, <em>54<\/em>, 1260. [<a href=\"https:\/\/pubs.acs.org\/doi\/10.1021\/acs.accounts.0c00819\">pdf<\/a>]<\/li>\n<li style=\"text-align: justify; line-height: 18px; margin-top: 18px;\">Synthesis, Structures and Bonding of Metal-rich Metallaboranes Comprising Triply Bridging Borylene and Boride Moieties: S. Gomosta, S. Kar, A. N. Pradhan, S. Bairagi, V. Ramkumar and S. Ghosh <em>Organometallics<\/em>, <strong>2021<\/strong>, <em>40<\/em>, 529. [<a href=\"https:\/\/pubs.acs.org\/doi\/10.1021\/acs.organomet.0c00780\">pdf<\/a>]<\/li>\n<li style=\"text-align: justify; line-height: 18px; margin-top: 18px;\">Synthesis and characterization of group 6-9 metal-rich homo- and hetero-metallaboranes: R. Bag, S. Gomosta, A. N. Pradhan, T. Roisnel and S. Ghosh <em>J. Indian Chem. Soc.<\/em>, <strong>2021<\/strong>, <em>98<\/em>, 100040. [<a href=\"https:\/\/www.sciencedirect.com\/science\/article\/pii\/S0019452221000406\">pdf<\/a>]<\/li>\n<li style=\"text-align: justify; line-height: 18px; margin-top: 18px;\">Metal-rich Metallaboranes: Clusters Containing Triply and Tetra Bridging Borylene and Boride Units: S. Kar, A. N. Pradhan and S. Ghosh <em>Coord. Chem. Rev.<\/em>, <strong>2021<\/strong>, <em>436<\/em>, 213796. [<a href=\"https:\/\/www.sciencedirect.com\/science\/article\/pii\/S0010854521000308\">pdf<\/a>]<\/li>\n<li style=\"text-align: justify; line-height: 18px; margin-top: 18px;\">Cooperative B-H and Si-H Bond Activations by \u03ba<sup>2<\/sup>-N,S-chelated Ruthenium Borate Complexes: Md. Zafar, R. Ramalakshmi, A. Ahmad, P. K. S. Antharjanam, S. Bontemps, S. Sabo-Etienne and S. Ghosh <em>Inorg. Chem.<\/em>, <strong>2021<\/strong>, <em>60<\/em>, 1183. [<a href=\"https:\/\/pubs.acs.org\/doi\/10.1021\/acs.inorgchem.0c03306\">pdf<\/a>]<\/li>\n<li style=\"text-align: justify; line-height: 18px; margin-top: 18px;\">Synthesis and reactivity of phosphine borohydride compounds: R. Ayyappan, Y. Coppel, L. Vendier, S. Ghosh, S. Sabo- Etienne and S. Bontemps <em>Chem. Commun.<\/em>, <strong>2021<\/strong>, <em>57<\/em>, 375. [<a href=\"https:\/\/pubs.rsc.org\/-\/content\/articlelanding\/2021\/cc\/d0cc07072f#!divAbstract\">pdf<\/a>]<\/li>\n<\/ol>\n<\/div>\n\t\t<\/div><\/div><\/div><\/div>\n\n\n<p><\/p>\n","protected":false},"excerpt":{"rendered":"","protected":false},"author":1,"featured_media":0,"parent":0,"menu_order":0,"comment_status":"closed","ping_status":"closed","template":"","meta":[],"_links":{"self":[{"href":"https:\/\/chem.iitm.ac.in\/Faculty\/ghosh\/index.php?rest_route=\/wp\/v2\/pages\/1034"}],"collection":[{"href":"https:\/\/chem.iitm.ac.in\/Faculty\/ghosh\/index.php?rest_route=\/wp\/v2\/pages"}],"about":[{"href":"https:\/\/chem.iitm.ac.in\/Faculty\/ghosh\/index.php?rest_route=\/wp\/v2\/types\/page"}],"author":[{"embeddable":true,"href":"https:\/\/chem.iitm.ac.in\/Faculty\/ghosh\/index.php?rest_route=\/wp\/v2\/users\/1"}],"replies":[{"embeddable":true,"href":"https:\/\/chem.iitm.ac.in\/Faculty\/ghosh\/index.php?rest_route=%2Fwp%2Fv2%2Fcomments&post=1034"}],"version-history":[{"count":212,"href":"https:\/\/chem.iitm.ac.in\/Faculty\/ghosh\/index.php?rest_route=\/wp\/v2\/pages\/1034\/revisions"}],"predecessor-version":[{"id":3275,"href":"https:\/\/chem.iitm.ac.in\/Faculty\/ghosh\/index.php?rest_route=\/wp\/v2\/pages\/1034\/revisions\/3275"}],"wp:attachment":[{"href":"https:\/\/chem.iitm.ac.in\/Faculty\/ghosh\/index.php?rest_route=%2Fwp%2Fv2%2Fmedia&parent=1034"}],"curies":[{"name":"wp","href":"https:\/\/api.w.org\/{rel}","templated":true}]}}